{"id":7,"date":"2025-12-30T15:14:57","date_gmt":"2025-12-30T13:14:57","guid":{"rendered":"https:\/\/stanislava.lt\/?page_id=7"},"modified":"2026-01-02T15:25:10","modified_gmt":"2026-01-02T13:25:10","slug":"home","status":"publish","type":"page","link":"https:\/\/stanislava.lt\/en\/","title":{"rendered":"Home"},"content":{"rendered":"<section class=\"hero alignfull\">\n  <video autoplay muted loop playsinline preload=\"metadata\" poster=\"https:\/\/stanislava.lt\/wp-content\/uploads\/2025\/12\/WEB.HOMEPAGE.mobile.jpg\">\n    <source src=\"https:\/\/stanislava.lt\/wp-content\/uploads\/2025\/12\/WEB.HOMEPAGE.mobile.mp4\" type=\"video\/mp4\">\n  <\/video>\n\n  <div class=\"hero-overlay\">\n    <img decoding=\"async\" class=\"hero-logo\" src=\"https:\/\/stanislava.lt\/wp-content\/uploads\/2025\/12\/Logo-baltas-transparent.png\" alt=\"STANISLAVA\" width=\"220\" height=\"auto\">\n    <p>\u201cI love people most.\u201d<\/p>\n    <a href=\"\/en\/shop\/\" class=\"hero-btn\">Discover<\/a>\n  <\/div>\n<\/section>\n\n\n\n<section class=\"about-stanislava\">\n  <div class=\"about-wrap\">\n\n    <!-- VERTIKALUS TEKSTAS (vietoj logo paveiksl\u0117lio) -->\n    <div class=\"about-name\" aria-label=\"Stanislava\">\n      STANISLAVA\n    <\/div>\n\n    <div class=\"about-media\">\n      <img\n        src=\"\/wp-content\/uploads\/2025\/12\/stanislava-portrait.webp\"\n        alt=\"Stanislava\"\n        class=\"about-image\"\n        decoding=\"async\"\n        loading=\"lazy\"\n      >\n    <\/div>\n\n    <div class=\"about-text\">\n      <h2>HANDCRAFTED SINCE<\/h2>\n\n      <p>Stanislava was born in 1959 in a small village in Lithuania. She learned to knit from her grandmother and has been creating handcrafted pieces for over six decades. <\/p>\n      <p>Each piece carries the warmth of human touch and the authenticity of tradition. Her work represents more than fashion\u2014it embodies a lifetime of artistry passed down through generations.<\/p>\n    <\/div>\n\n  <\/div>\n<\/section>\n\n\n\n<section class=\"home-products\">\n  <div class=\"home-products-header\">\n  \n    <a href=\"\/en\/shop\/\" class=\"shop-link\">Shop<\/a>\n  <\/div>\n\n  <div class=\"home-products-grid\">\n    <div class=\"woocommerce columns-4\"><ul class=\"products columns-4\" data-products=\"type-1\" data-hover=\"swap\">\n<li class=\"product type-product post-390 status-publish first instock product_cat-uncategorized has-post-thumbnail shipping-taxable purchasable product-type-simple\">\n\t<a href=\"https:\/\/stanislava.lt\/en\/product\/balaklava-09\/\" class=\"woocommerce-LoopProduct-link woocommerce-loop-product__link\"><img loading=\"lazy\" decoding=\"async\" width=\"300\" height=\"300\" src=\"https:\/\/stanislava.lt\/wp-content\/uploads\/2026\/04\/Virseline-2_test-300x300.webp\" class=\"attachment-woocommerce_thumbnail size-woocommerce_thumbnail\" alt=\"Balaklava 09\" srcset=\"https:\/\/stanislava.lt\/wp-content\/uploads\/2026\/04\/Virseline-2_test-300x300.webp 300w, https:\/\/stanislava.lt\/wp-content\/uploads\/2026\/04\/Virseline-2_test-100x100.webp 100w, https:\/\/stanislava.lt\/wp-content\/uploads\/2026\/04\/Virseline-2_test-1500x1500.webp 1500w, https:\/\/stanislava.lt\/wp-content\/uploads\/2026\/04\/Virseline-2_test-150x150.webp 150w\" sizes=\"auto, (max-width: 300px) 100vw, 300px\" \/><h2 class=\"woocommerce-loop-product__title\">Balaklava 09<\/h2>\n\t<span class=\"price\"><span class=\"woocommerce-Price-amount amount\"><bdi>41,99&nbsp;<span class=\"woocommerce-Price-currencySymbol\">&euro;<\/span><\/bdi><\/span><\/span>\n<\/a><a href=\"\/en\/wp-json\/wp\/v2\/pages\/7?add-to-cart=390\" aria-describedby=\"woocommerce_loop_add_to_cart_link_describedby_390\" data-quantity=\"1\" class=\"button product_type_simple add_to_cart_button ajax_add_to_cart\" data-product_id=\"390\" data-product_sku=\"\" aria-label=\"Add to cart: \u201cBalaklava 09\u201d\" rel=\"nofollow\" data-success_message=\"\u201cBalaklava 09\u201d has been added to your cart\" role=\"button\" data-no-translation=\"\" data-trp-gettext=\"\" data-no-translation-aria-label=\"\" data-no-translation-data-success_message=\"\">Add to cart<\/a>\t<span id=\"woocommerce_loop_add_to_cart_link_describedby_390\" class=\"screen-reader-text\">\n\t\t\t<\/span>\n<\/li>\n<li class=\"product type-product post-366 status-publish instock product_cat-balaklavos product_cat-visos-prekes has-post-thumbnail sold-individually shipping-taxable purchasable product-type-simple\">\n\t<a href=\"https:\/\/stanislava.lt\/en\/product\/balaklava-04\/\" class=\"woocommerce-LoopProduct-link woocommerce-loop-product__link\"><img loading=\"lazy\" decoding=\"async\" width=\"300\" height=\"300\" src=\"https:\/\/stanislava.lt\/wp-content\/uploads\/2026\/01\/IMG_0091_1-300x300.webp\" class=\"attachment-woocommerce_thumbnail size-woocommerce_thumbnail\" alt=\"BALAKLAVA 04\" srcset=\"https:\/\/stanislava.lt\/wp-content\/uploads\/2026\/01\/IMG_0091_1-300x300.webp 300w, https:\/\/stanislava.lt\/wp-content\/uploads\/2026\/01\/IMG_0091_1-100x100.webp 100w, https:\/\/stanislava.lt\/wp-content\/uploads\/2026\/01\/IMG_0091_1-1500x1500.webp 1500w, https:\/\/stanislava.lt\/wp-content\/uploads\/2026\/01\/IMG_0091_1-150x150.webp 150w\" sizes=\"auto, (max-width: 300px) 100vw, 300px\" \/><h2 class=\"woocommerce-loop-product__title\">BALAKLAVA 04<\/h2>\n\t<span class=\"price\"><span class=\"woocommerce-Price-amount amount\"><bdi>41,99&nbsp;<span class=\"woocommerce-Price-currencySymbol\">&euro;<\/span><\/bdi><\/span><\/span>\n<\/a><a href=\"\/en\/wp-json\/wp\/v2\/pages\/7?add-to-cart=366\" aria-describedby=\"woocommerce_loop_add_to_cart_link_describedby_366\" data-quantity=\"1\" class=\"button product_type_simple add_to_cart_button ajax_add_to_cart\" data-product_id=\"366\" data-product_sku=\"\" aria-label=\"Add to cart: \u201cBALAKLAVA 04\u201d\" rel=\"nofollow\" data-success_message=\"\u201cBALAKLAVA 04\u201d has been added to your cart\" role=\"button\" data-no-translation=\"\" data-trp-gettext=\"\" data-no-translation-aria-label=\"\" data-no-translation-data-success_message=\"\">Add to cart<\/a>\t<span id=\"woocommerce_loop_add_to_cart_link_describedby_366\" class=\"screen-reader-text\">\n\t\t\t<\/span>\n<\/li>\n<li class=\"product type-product post-137 status-publish onbackorder product_cat-balaklavos product_cat-visos-prekes has-post-thumbnail shipping-taxable purchasable product-type-simple\">\n\t<a href=\"https:\/\/stanislava.lt\/en\/product\/bubble-scarf\/\" class=\"woocommerce-LoopProduct-link woocommerce-loop-product__link\"><img loading=\"lazy\" decoding=\"async\" width=\"300\" height=\"300\" src=\"https:\/\/stanislava.lt\/wp-content\/uploads\/2025\/12\/Virseline-2_1-300x300.jpg\" class=\"attachment-woocommerce_thumbnail size-woocommerce_thumbnail\" alt=\"BALAKLAVA 03\" srcset=\"https:\/\/stanislava.lt\/wp-content\/uploads\/2025\/12\/Virseline-2_1-300x300.jpg 300w, https:\/\/stanislava.lt\/wp-content\/uploads\/2025\/12\/Virseline-2_1-100x100.jpg 100w, https:\/\/stanislava.lt\/wp-content\/uploads\/2025\/12\/Virseline-2_1-1500x1500.jpg 1500w, https:\/\/stanislava.lt\/wp-content\/uploads\/2025\/12\/Virseline-2_1-150x150.jpg 150w\" sizes=\"auto, (max-width: 300px) 100vw, 300px\" \/><h2 class=\"woocommerce-loop-product__title\">BALAKLAVA 03<\/h2>\n\t<span class=\"price\"><span class=\"woocommerce-Price-amount amount\"><bdi>41,99&nbsp;<span class=\"woocommerce-Price-currencySymbol\">&euro;<\/span><\/bdi><\/span><\/span>\n<\/a><a href=\"\/en\/wp-json\/wp\/v2\/pages\/7?add-to-cart=137\" aria-describedby=\"woocommerce_loop_add_to_cart_link_describedby_137\" data-quantity=\"1\" class=\"button product_type_simple add_to_cart_button ajax_add_to_cart\" data-product_id=\"137\" data-product_sku=\"\" aria-label=\"Add to cart: \u201cBALAKLAVA 03\u201d\" rel=\"nofollow\" data-success_message=\"\u201cBALAKLAVA 03\u201d has been added to your cart\" role=\"button\" data-no-translation=\"\" data-trp-gettext=\"\" data-no-translation-aria-label=\"\" data-no-translation-data-success_message=\"\">Add to cart<\/a>\t<span id=\"woocommerce_loop_add_to_cart_link_describedby_137\" class=\"screen-reader-text\">\n\t\t\t<\/span>\n<\/li>\n<li class=\"product type-product post-136 status-publish last instock product_cat-balaklavos product_cat-visos-prekes has-post-thumbnail sold-individually shipping-taxable purchasable product-type-simple\">\n\t<a href=\"https:\/\/stanislava.lt\/en\/product\/bubble-balaklava\/\" class=\"woocommerce-LoopProduct-link woocommerce-loop-product__link\"><img loading=\"lazy\" decoding=\"async\" width=\"300\" height=\"300\" src=\"https:\/\/stanislava.lt\/wp-content\/uploads\/2025\/12\/IMG_0104-scaled-300x300.jpg\" class=\"attachment-woocommerce_thumbnail size-woocommerce_thumbnail\" alt=\"GEL\u0116TA BALAKLAVA\" srcset=\"https:\/\/stanislava.lt\/wp-content\/uploads\/2025\/12\/IMG_0104-scaled-300x300.jpg 300w, https:\/\/stanislava.lt\/wp-content\/uploads\/2025\/12\/IMG_0104-scaled-100x100.jpg 100w, https:\/\/stanislava.lt\/wp-content\/uploads\/2025\/12\/IMG_0104-scaled-1500x1500.jpg 1500w\" sizes=\"auto, (max-width: 300px) 100vw, 300px\" \/><h2 class=\"woocommerce-loop-product__title\">GEL\u0116TA BALAKLAVA<\/h2>\n\t<span class=\"price\"><span class=\"woocommerce-Price-amount amount\"><bdi>41,99&nbsp;<span class=\"woocommerce-Price-currencySymbol\">&euro;<\/span><\/bdi><\/span><\/span>\n<\/a><a href=\"\/en\/wp-json\/wp\/v2\/pages\/7?add-to-cart=136\" aria-describedby=\"woocommerce_loop_add_to_cart_link_describedby_136\" data-quantity=\"1\" class=\"button product_type_simple add_to_cart_button ajax_add_to_cart\" data-product_id=\"136\" data-product_sku=\"\" aria-label=\"Add to cart: \u201cGEL\u0116TA BALAKLAVA\u201d\" rel=\"nofollow\" data-success_message=\"\u201cGEL\u0116TA BALAKLAVA\u201d has been added to your cart\" role=\"button\" data-no-translation=\"\" data-trp-gettext=\"\" data-no-translation-aria-label=\"\" data-no-translation-data-success_message=\"\">Add to cart<\/a>\t<span id=\"woocommerce_loop_add_to_cart_link_describedby_136\" class=\"screen-reader-text\">\n\t\t\t<\/span>\n<\/li>\n<\/ul>\n<\/div>\n  <\/div>\n<\/section>\n\n\n\n<section class=\"home-testimonial alignfull\"\n  style=\"--bg:url('\/wp-content\/uploads\/2025\/12\/customer-review-bg.webp');\">\n  <div class=\"testimonial-overlay\">\n    <div class=\"testimonial-content\">\n      <div class=\"stars\">\u2605\u2605\u2605\u2605\u2605<\/div>\n\n      <blockquote>\n        \u201cHello, I would like to thank you for the balaclava \u2014 the quality truly surprised me! Everything is made very carefully, and the colors look even better in real life than in the photos!\u201d\n      <\/blockquote>\n\n      <div class=\"testimonial-author\">Customer<\/div>\n    <\/div>\n  <\/div>\n<\/section>","protected":false},"excerpt":{"rendered":"<p>\u201e\u017dmones a\u0161 myliu labiau\u201e Atrasti STANISLAVA RANK\u0172 DARBO MENAS, PUOSEL\u0116JAMAS NUO PAT PRAD\u017dI\u0172 Stanislava gim\u0117 1959 metais ma\u017eame Lietuvos kaime. Megzti ji i\u0161moko i\u0161 savo mo\u010diut\u0117s ir jau daugiau nei \u0161e\u0161is de\u0161imtme\u010dius kuria rank\u0173 darbo gaminius. Kiekvienas k\u016brinys savyje ne\u0161a \u017emogi\u0161ko prisilietimo \u0161ilum\u0105 ir tradicij\u0173 autenti\u0161kum\u0105. Jos darbai \u2013 tai daugiau nei mada; tai viso [&hellip;]<\/p>","protected":false},"author":1,"featured_media":0,"parent":0,"menu_order":0,"comment_status":"closed","ping_status":"closed","template":"","meta":{"footnotes":""},"class_list":["post-7","page","type-page","status-publish","hentry"],"blocksy_meta":{"has_hero_section":"disabled","styles_descriptor":{"styles":{"desktop":"[data-prefix=\"single_page\"] [class*=\"ct-container\"] > article[class*=\"post\"] {--has-boxed:var(--false);--has-wide:var(--true);}","tablet":"","mobile":""},"google_fonts":[],"version":6},"content_style_source":"custom","vertical_spacing_source":"custom"},"_hostinger_reach_plugin_has_subscription_block":false,"_hostinger_reach_plugin_is_elementor":false,"_links":{"self":[{"href":"https:\/\/stanislava.lt\/en\/wp-json\/wp\/v2\/pages\/7","targetHints":{"allow":["GET"]}}],"collection":[{"href":"https:\/\/stanislava.lt\/en\/wp-json\/wp\/v2\/pages"}],"about":[{"href":"https:\/\/stanislava.lt\/en\/wp-json\/wp\/v2\/types\/page"}],"author":[{"embeddable":true,"href":"https:\/\/stanislava.lt\/en\/wp-json\/wp\/v2\/users\/1"}],"replies":[{"embeddable":true,"href":"https:\/\/stanislava.lt\/en\/wp-json\/wp\/v2\/comments?post=7"}],"version-history":[{"count":43,"href":"https:\/\/stanislava.lt\/en\/wp-json\/wp\/v2\/pages\/7\/revisions"}],"predecessor-version":[{"id":320,"href":"https:\/\/stanislava.lt\/en\/wp-json\/wp\/v2\/pages\/7\/revisions\/320"}],"wp:attachment":[{"href":"https:\/\/stanislava.lt\/en\/wp-json\/wp\/v2\/media?parent=7"}],"curies":[{"name":"wp","href":"https:\/\/api.w.org\/{rel}","templated":true}]}}