{"id":124,"date":"2025-12-30T21:00:32","date_gmt":"2025-12-30T19:00:32","guid":{"rendered":"https:\/\/stanislava.lt\/?post_type=product&#038;p=124"},"modified":"2026-01-15T01:05:35","modified_gmt":"2026-01-14T23:05:35","slug":"salikas","status":"publish","type":"product","link":"https:\/\/stanislava.lt\/en\/product\/salikas\/","title":{"rendered":"\u0160ALIKAS 01"},"content":{"rendered":"<p>Rank\u0173 darbo megztas \u0161alikas.<\/p>\n<p>Sud\u0117tis: 100% akrilanas.<\/p>\n<p>Pagaminta Lietuvoje.<\/p>","protected":false},"excerpt":{"rendered":"<p>Rank\u0173 darbo megztas \u0161alikas. Sud\u0117tis: 100% akrilanas. Pagaminta Lietuvoje.<\/p>","protected":false},"featured_media":342,"comment_status":"open","ping_status":"closed","template":"","meta":[],"product_brand":[],"product_cat":[22],"product_tag":[],"class_list":{"0":"post-124","1":"product","2":"type-product","3":"status-publish","4":"has-post-thumbnail","6":"product_cat-visos-prekes","8":"first","9":"onbackorder","10":"shipping-taxable","11":"purchasable","12":"product-type-simple"},"_links":{"self":[{"href":"https:\/\/stanislava.lt\/en\/wp-json\/wp\/v2\/product\/124","targetHints":{"allow":["GET"]}}],"collection":[{"href":"https:\/\/stanislava.lt\/en\/wp-json\/wp\/v2\/product"}],"about":[{"href":"https:\/\/stanislava.lt\/en\/wp-json\/wp\/v2\/types\/product"}],"replies":[{"embeddable":true,"href":"https:\/\/stanislava.lt\/en\/wp-json\/wp\/v2\/comments?post=124"}],"wp:featuredmedia":[{"embeddable":true,"href":"https:\/\/stanislava.lt\/en\/wp-json\/wp\/v2\/media\/342"}],"wp:attachment":[{"href":"https:\/\/stanislava.lt\/en\/wp-json\/wp\/v2\/media?parent=124"}],"wp:term":[{"taxonomy":"product_brand","embeddable":true,"href":"https:\/\/stanislava.lt\/en\/wp-json\/wp\/v2\/product_brand?post=124"},{"taxonomy":"product_cat","embeddable":true,"href":"https:\/\/stanislava.lt\/en\/wp-json\/wp\/v2\/product_cat?post=124"},{"taxonomy":"product_tag","embeddable":true,"href":"https:\/\/stanislava.lt\/en\/wp-json\/wp\/v2\/product_tag?post=124"}],"curies":[{"name":"wp","href":"https:\/\/api.w.org\/{rel}","templated":true}]}}